{"id":3495,"date":"2024-11-22T11:43:10","date_gmt":"2024-11-22T11:43:10","guid":{"rendered":"https:\/\/silvajorge.com\/?page_id=3495"},"modified":"2025-01-30T12:37:41","modified_gmt":"2025-01-30T12:37:41","slug":"studio","status":"publish","type":"page","link":"https:\/\/silvajorge.com\/index.php\/studio\/","title":{"rendered":"Aluguer e est\u00fadio"},"content":{"rendered":"<div  class=\"tatsu-ry-0d010G1x tatsu-section  tatsu-bg-overlay   tatsu-clearfix\" data-title=\"\"  data-headerscheme=\"background--dark\"><div class='tatsu-section-pad clearfix' data-padding='{\"d\":\"90px 0px 90px 0px\"}' data-padding-top='90px'><div class=\"tatsu-row-wrap  tatsu-wrap tatsu-row-one-col tatsu-row-has-one-cols tatsu-medium-gutter tatsu-reg-cols  tatsu-clearfix tatsu-r1l0_Ck0MJx\" ><div  class=\"tatsu-row \" ><div  class=\"tatsu-column  tatsu-bg-overlay tatsu-one-col tatsu-column-image-none tatsu-column-effect-none  tatsu-Hk0OCy0fyl\"  data-parallax-speed=\"0\" style=\"\"><div class=\"tatsu-column-inner \" ><div class=\"tatsu-column-pad-wrap\"><div class=\"tatsu-column-pad\" ><div  class=\"tatsu-module tatsu-text-block-wrap tatsu-SkpXZxRGyl  \"><div class=\"tatsu-text-inner tatsu-align-center  clearfix\" ><style>.tatsu-SkpXZxRGyl.tatsu-text-block-wrap .tatsu-text-inner{width: 100%;text-align: left;}.tatsu-SkpXZxRGyl.tatsu-text-block-wrap .tatsu-text-inner *{text-transform : none;font-size : 50px;letter-spacing : 3px;}<\/style>\n<p>O est\u00fadio<\/p>\n<\/div><\/div><\/div><\/div><div class = \"tatsu-column-bg-image-wrap\"><div class = \"tatsu-column-bg-image\" ><\/div><\/div><div class=\"tatsu-overlay tatsu-column-overlay tatsu-animate-none\" ><\/div><\/div><style>.tatsu-row > .tatsu-Hk0OCy0fyl.tatsu-column{width: 100%;}.tatsu-Hk0OCy0fyl.tatsu-column > .tatsu-column-inner > .tatsu-column-overlay{mix-blend-mode: normal;}.tatsu-Hk0OCy0fyl > .tatsu-column-inner > .tatsu-top-divider{z-index: 9999;}.tatsu-Hk0OCy0fyl > .tatsu-column-inner > .tatsu-bottom-divider{z-index: 9999;}.tatsu-Hk0OCy0fyl > .tatsu-column-inner > .tatsu-left-divider{z-index: 9999;}.tatsu-Hk0OCy0fyl > .tatsu-column-inner > .tatsu-right-divider{z-index: 9999;}@media only screen and (max-width:1377px) {.tatsu-row > .tatsu-Hk0OCy0fyl.tatsu-column{width: 100%;}}@media only screen and (min-width:768px) and (max-width: 1024px) {.tatsu-row > .tatsu-Hk0OCy0fyl.tatsu-column{width: 100%;}}@media only screen and (max-width: 767px) {.tatsu-row > .tatsu-Hk0OCy0fyl.tatsu-column{width: 100%;}}<\/style><\/div><\/div><\/div><\/div><div class=\"tatsu-section-background-wrap\"><div class = \"tatsu-section-background\" ><\/div><\/div><div class=\"tatsu-overlay tatsu-section-overlay\"><\/div><style>.tatsu-ry-0d010G1x .tatsu-section-pad{padding: 90px 0px 90px 0px;}.tatsu-ry-0d010G1x .tatsu-section-offset-wrap{transform: translateY(-0px);}.tatsu-ry-0d010G1x > .tatsu-bottom-divider{z-index: 9999;}.tatsu-ry-0d010G1x > .tatsu-top-divider{z-index: 9999;}.tatsu-ry-0d010G1x .tatsu-section-overlay{mix-blend-mode: normal;}<\/style><\/div><div  class=\"tatsu-SktdC10zkg tatsu-section    tatsu-clearfix\" data-title=\"\"  data-headerscheme=\"background--dark\"><div class='tatsu-section-pad clearfix' data-padding='{\"d\":\"0px 0px 0px 0px \"}' data-padding-top='0px'><div class=\"tatsu-row-wrap  tatsu-row-full-width tatsu-row-has-one-half tatsu-row-has-two-cols tatsu-no-gutter tatsu-eq-cols  tatsu-clearfix tatsu-ByeYuRy0fyx\" ><div  class=\"tatsu-row \" ><div  class=\"tatsu-column  tatsu-one-half tatsu-column-align-middle tatsu-column-image-none tatsu-column-effect-none  tatsu-SJbF_RJCfke\"  data-parallax-speed=\"0\" style=\"\"><div class=\"tatsu-column-inner \" ><div class=\"tatsu-column-pad-wrap\"><div class=\"tatsu-column-pad\" ><div  class=\"tatsu-module tatsu-inline-text clearfix tatsu-S1fKORk0fJl   \" ><style>.tatsu-S1fKORk0fJl .tatsu-inline-text-inner{width: 100%;text-align: left;}<\/style><div class=\"tatsu-inline-text-inner tatsu-align-center\">\n<blockquote>\n<h4>\u00a0<\/h4>\n<\/blockquote>\n<p>O est\u00fadio principal de 110m2. est\u00e1 totalmente equipado para gravar uma promo\u00e7\u00e3o de produto, programas de entretenimento ou qualquer tipo de produ\u00e7\u00e3o fotogr\u00e1fica.\u00a0Contamos com espa\u00e7os de apoio \u00e0 produ\u00e7\u00e3o, como sala de make up\/camarim, espa\u00e7o de copa e wc com duche. Ciclorama com 8 metros de comprimento e 5 metros de profundidade. O est\u00fadio disp\u00f5e de ar condicionado e seguran\u00e7a 24h.<\/p>\n<\/div><\/div><\/div><\/div><div class = \"tatsu-column-bg-image-wrap\"><div class = \"tatsu-column-bg-image\" ><\/div><\/div><\/div><style>.tatsu-row > .tatsu-SJbF_RJCfke.tatsu-column{width: 37.45%;}.tatsu-SJbF_RJCfke.tatsu-column > .tatsu-column-inner{background-color: rgba(255,255,255,1);}.tatsu-SJbF_RJCfke.tatsu-column > .tatsu-column-inner > .tatsu-column-pad-wrap > .tatsu-column-pad{padding: 90px 10% 90px 20% ;}.tatsu-SJbF_RJCfke.tatsu-column > .tatsu-column-inner > .tatsu-column-overlay{mix-blend-mode: none;}.tatsu-SJbF_RJCfke > .tatsu-column-inner > .tatsu-top-divider{z-index: 9999;}.tatsu-SJbF_RJCfke > .tatsu-column-inner > .tatsu-bottom-divider{z-index: 9999;}.tatsu-SJbF_RJCfke > .tatsu-column-inner > .tatsu-left-divider{z-index: 9999;}.tatsu-SJbF_RJCfke > .tatsu-column-inner > .tatsu-right-divider{z-index: 9999;}@media only screen and (max-width: 767px) {.tatsu-row > .tatsu-SJbF_RJCfke.tatsu-column{width: 100%;}}<\/style><\/div><div  class=\"tatsu-column  tatsu-column-empty tatsu-one-half tatsu-column-align-middle tatsu-column-image-none tatsu-column-effect-none  tatsu-ryEK_Ry0fkg\"  data-parallax-speed=\"0\" style=\"\"><div class=\"tatsu-column-inner \" ><div class=\"tatsu-column-pad-wrap\"><div class=\"tatsu-column-pad\" ><\/div><\/div><div class = \"tatsu-column-bg-image-wrap\"><div class = \"tatsu-column-bg-image\" ><\/div><\/div><\/div><style>.tatsu-row > .tatsu-ryEK_Ry0fkg.tatsu-column{width: 62.55%;}.tatsu-ryEK_Ry0fkg.tatsu-column > .tatsu-column-inner > .tatsu-column-bg-image-wrap > .tatsu-column-bg-image{background-image: url(http:\/\/silvajorge.com\/wp-content\/uploads\/2024\/11\/projeto-estudio2.jpg);background-repeat: no-repeat;background-attachment: scroll;background-position: center center;background-size: contain;}.tatsu-ryEK_Ry0fkg.tatsu-column > .tatsu-column-inner > .tatsu-bg-blur{background-repeat: no-repeat;background-attachment: scroll;background-position: center center;background-size: contain;}.tatsu-ryEK_Ry0fkg.tatsu-column > .tatsu-column-inner > .tatsu-column-overlay{mix-blend-mode: none;}.tatsu-ryEK_Ry0fkg > .tatsu-column-inner > .tatsu-top-divider{z-index: 9999;}.tatsu-ryEK_Ry0fkg > .tatsu-column-inner > .tatsu-bottom-divider{z-index: 9999;}.tatsu-ryEK_Ry0fkg > .tatsu-column-inner > .tatsu-left-divider{z-index: 9999;}.tatsu-ryEK_Ry0fkg > .tatsu-column-inner > .tatsu-right-divider{z-index: 9999;}@media only screen and (max-width: 767px) {.tatsu-row > .tatsu-ryEK_Ry0fkg.tatsu-column{width: 100%;}}<\/style><\/div><\/div><\/div><\/div><div class=\"tatsu-section-background-wrap\"><div class = \"tatsu-section-background\" ><\/div><\/div><style>.tatsu-SktdC10zkg > .tatsu-bottom-divider{z-index: 9999;}.tatsu-SktdC10zkg > .tatsu-top-divider{z-index: 9999;}<\/style><\/div><div  class=\"tatsu-BJbZyzlRG1g tatsu-section  tatsu-bg-overlay   tatsu-clearfix\" data-title=\"\"  data-headerscheme=\"background--dark\"><div class='tatsu-section-pad clearfix' data-padding='{\"d\":\"90px 0px 90px 0px\"}' data-padding-top='90px'><div class=\"tatsu-row-wrap  tatsu-wrap tatsu-row-one-col tatsu-row-has-one-cols tatsu-medium-gutter tatsu-reg-cols  tatsu-clearfix tatsu-B1e-yMgAMye\" ><div  class=\"tatsu-row \" ><div  class=\"tatsu-column  tatsu-bg-overlay tatsu-one-col tatsu-column-image-none tatsu-column-effect-none  tatsu-SybJMlAG1g\"  data-parallax-speed=\"0\" style=\"\"><div class=\"tatsu-column-inner \" ><div class=\"tatsu-column-pad-wrap\"><div class=\"tatsu-column-pad\" ><div  class=\"justified-gallery-outer-wrap oshine-module  tatsu-SJAefeRf1l   \" ><div class=\" justified-gallery-inner-wrap \" data-action=\"get_be_justified_gallery_with_pagination\" data-paged=\"1\" data-source='{\"source\":\"selected\",\"account_name\":\"\",\"count\":\"\",\"col\":\"two\",\"masonry\":1}' data-images-array=\"3499,3500,3501,3502\" data-items-per-load=\"9\" data-hover-style=\"style1-hover\" data-image-grayscale=\"c_to_c\" data-image-effect=\"none\" data-thumb-overlay-color=\"rgba(170,146,108,1)\" data-grad-style-color=\"\" data-like-button=\"1\" data-disable-overlay=\"1\" ><div class=\" justified-gallery clickable clearfix be-photoswipe-gallery none\" data-gutter-width=\"20\" data-image-height=\"400\"  ><div class=\"element be-hoverlay not-wide style1-hover c_to_c jg-entry-visible\"><div class=\"element-inner none-effect\"><a href=\"https:\/\/silvajorge.com\/wp-content\/uploads\/2024\/11\/est1-1-scaled.jpg\" data-size=\"2560x1920\" data-href=\"https:\/\/silvajorge.com\/wp-content\/uploads\/2024\/11\/est1-1-scaled.jpg\" class=\"thumb-wrap\" title=\"Studio Photography for rent\"><div class=\"flip-img-wrap\"><img class = \"thumb-img\" height = \"1920\" width = \"2560\" src = \"https:\/\/silvajorge.com\/wp-content\/uploads\/2024\/11\/est1-1-1000x750.jpg\" alt = \"Studio Photography for rent\" title = \"est1\" \/><\/div><\/a><\/div><div class=\"caption\">Studio Photography for rent<\/div><\/div><div class=\"element be-hoverlay not-wide style1-hover c_to_c jg-entry-visible\"><div class=\"element-inner none-effect\"><a href=\"https:\/\/silvajorge.com\/wp-content\/uploads\/2024\/11\/est2-1-scaled.jpg\" data-size=\"2560x1920\" data-href=\"https:\/\/silvajorge.com\/wp-content\/uploads\/2024\/11\/est2-1-scaled.jpg\" class=\"thumb-wrap\" title=\"Studio Photography for rent\"><div class=\"flip-img-wrap\"><img class = \"thumb-img\" height = \"1920\" width = \"2560\" src = \"https:\/\/silvajorge.com\/wp-content\/uploads\/2024\/11\/est2-1-1000x750.jpg\" alt = \"Studio Photography for rent\" title = \"est2\" \/><\/div><\/a><\/div><div class=\"caption\">Studio Photography for rent<\/div><\/div><div class=\"element be-hoverlay not-wide style1-hover c_to_c jg-entry-visible\"><div class=\"element-inner none-effect\"><a href=\"https:\/\/silvajorge.com\/wp-content\/uploads\/2024\/11\/estudio_oo1.jpg\" data-size=\"1210x1224\" data-href=\"https:\/\/silvajorge.com\/wp-content\/uploads\/2024\/11\/estudio_oo1.jpg\" class=\"thumb-wrap\" title=\"Studio Photography for rent\"><div class=\"flip-img-wrap\"><img class = \"thumb-img\" height = \"1224\" width = \"1210\" src = \"https:\/\/silvajorge.com\/wp-content\/uploads\/2024\/11\/estudio_oo1-1000x1012.jpg\" alt = \"Studio Photography for rent\" title = \"Screenshot\" \/><\/div><\/a><\/div><div class=\"caption\">Studio Photography for rent<\/div><\/div><div class=\"element be-hoverlay not-wide style1-hover c_to_c jg-entry-visible\"><div class=\"element-inner none-effect\"><a href=\"https:\/\/silvajorge.com\/wp-content\/uploads\/2024\/11\/estudio_pt.jpg\" data-size=\"2000x1500\" data-href=\"https:\/\/silvajorge.com\/wp-content\/uploads\/2024\/11\/estudio_pt.jpg\" class=\"thumb-wrap\" title=\"Studio Photography for rent\"><div class=\"flip-img-wrap\"><img class = \"thumb-img\" height = \"1500\" width = \"2000\" src = \"https:\/\/silvajorge.com\/wp-content\/uploads\/2024\/11\/estudio_pt-1000x750.jpg\" alt = \"Studio Photography for rent\" title = \"estudio_pt\" \/><\/div><\/a><\/div><div class=\"caption\">Studio Photography for rent<\/div><\/div><\/div><\/div><\/div><\/div><\/div><div class = \"tatsu-column-bg-image-wrap\"><div class = \"tatsu-column-bg-image\" ><\/div><\/div><div class=\"tatsu-overlay tatsu-column-overlay tatsu-animate-none\" ><\/div><\/div><style>.tatsu-row > .tatsu-SybJMlAG1g.tatsu-column{width: 100%;}.tatsu-SybJMlAG1g.tatsu-column > .tatsu-column-inner > .tatsu-column-overlay{mix-blend-mode: normal;}.tatsu-SybJMlAG1g > .tatsu-column-inner > .tatsu-top-divider{z-index: 9999;}.tatsu-SybJMlAG1g > .tatsu-column-inner > .tatsu-bottom-divider{z-index: 9999;}.tatsu-SybJMlAG1g > .tatsu-column-inner > .tatsu-left-divider{z-index: 9999;}.tatsu-SybJMlAG1g > .tatsu-column-inner > .tatsu-right-divider{z-index: 9999;}@media only screen and (max-width:1377px) {.tatsu-row > .tatsu-SybJMlAG1g.tatsu-column{width: 100%;}}@media only screen and (min-width:768px) and (max-width: 1024px) {.tatsu-row > .tatsu-SybJMlAG1g.tatsu-column{width: 100%;}}@media only screen and (max-width: 767px) {.tatsu-row > .tatsu-SybJMlAG1g.tatsu-column{width: 100%;}}<\/style><\/div><\/div><\/div><\/div><div class=\"tatsu-section-background-wrap\"><div class = \"tatsu-section-background\" ><\/div><\/div><div class=\"tatsu-overlay tatsu-section-overlay\"><\/div><style>.tatsu-BJbZyzlRG1g .tatsu-section-pad{padding: 90px 0px 90px 0px;}.tatsu-BJbZyzlRG1g .tatsu-section-offset-wrap{transform: translateY(-0px);}.tatsu-BJbZyzlRG1g > .tatsu-bottom-divider{z-index: 9999;}.tatsu-BJbZyzlRG1g > .tatsu-top-divider{z-index: 9999;}.tatsu-BJbZyzlRG1g .tatsu-section-overlay{mix-blend-mode: normal;}<\/style><\/div>\n","protected":false},"excerpt":{"rendered":"<p><a href=\"https:\/\/silvajorge.com\/index.php\/studio\/\" class=\"more-link style1-button\">Read More<\/a><\/p>","protected":false},"author":1,"featured_media":3502,"parent":0,"menu_order":0,"comment_status":"closed","ping_status":"closed","template":"","meta":{"_joinchat":[],"footnotes":""},"class_list":["post-3495","page","type-page","status-publish","has-post-thumbnail","hentry"],"_links":{"self":[{"href":"https:\/\/silvajorge.com\/index.php\/wp-json\/wp\/v2\/pages\/3495","targetHints":{"allow":["GET"]}}],"collection":[{"href":"https:\/\/silvajorge.com\/index.php\/wp-json\/wp\/v2\/pages"}],"about":[{"href":"https:\/\/silvajorge.com\/index.php\/wp-json\/wp\/v2\/types\/page"}],"author":[{"embeddable":true,"href":"https:\/\/silvajorge.com\/index.php\/wp-json\/wp\/v2\/users\/1"}],"replies":[{"embeddable":true,"href":"https:\/\/silvajorge.com\/index.php\/wp-json\/wp\/v2\/comments?post=3495"}],"version-history":[{"count":5,"href":"https:\/\/silvajorge.com\/index.php\/wp-json\/wp\/v2\/pages\/3495\/revisions"}],"predecessor-version":[{"id":3629,"href":"https:\/\/silvajorge.com\/index.php\/wp-json\/wp\/v2\/pages\/3495\/revisions\/3629"}],"wp:featuredmedia":[{"embeddable":true,"href":"https:\/\/silvajorge.com\/index.php\/wp-json\/wp\/v2\/media\/3502"}],"wp:attachment":[{"href":"https:\/\/silvajorge.com\/index.php\/wp-json\/wp\/v2\/media?parent=3495"}],"curies":[{"name":"wp","href":"https:\/\/api.w.org\/{rel}","templated":true}]}}